{"id":2143,"date":"2025-08-15T17:25:14","date_gmt":"2025-08-15T17:25:14","guid":{"rendered":"https:\/\/www.accessibleskies.ca\/home\/"},"modified":"2025-09-30T16:54:26","modified_gmt":"2025-09-30T16:54:26","slug":"home","status":"publish","type":"page","link":"https:\/\/www.accessibleskies.ca\/fr\/","title":{"rendered":"Accueil"},"content":{"rendered":"<div data-elementor-type=\"wp-page\" data-elementor-id=\"2143\" class=\"elementor elementor-2143\">\n\t\t\t\t<div class=\"elementor-element elementor-element-404c0f8 e-flex e-con-boxed e-con e-parent\" data-id=\"404c0f8\" data-element_type=\"container\">\n\t\t\t\t\t<div class=\"e-con-inner\">\n\t\t\t\t<div class=\"elementor-element elementor-element-e38b609 elementor-widget elementor-widget-menu-anchor\" data-id=\"e38b609\" data-element_type=\"widget\" data-widget_type=\"menu-anchor.default\">\n\t\t\t\t<div class=\"elementor-widget-container\">\n\t\t\t\t\t\t\t<div class=\"elementor-menu-anchor\" id=\"home-top\"><\/div>\n\t\t\t\t\t\t<\/div>\n\t\t\t\t<\/div>\n\t\t\t\t\t<\/div>\n\t\t\t\t<\/div>\n\t\t<div class=\"elementor-element elementor-element-52188d7 e-flex e-con-boxed e-con e-parent\" data-id=\"52188d7\" data-element_type=\"container\" data-settings=\"{&quot;background_background&quot;:&quot;gradient&quot;}\">\n\t\t\t\t\t<div class=\"e-con-inner\">\n\t\t\t\t<div class=\"elementor-element elementor-element-550f923 elementor-widget elementor-widget-image\" data-id=\"550f923\" data-element_type=\"widget\" data-widget_type=\"image.default\">\n\t\t\t\t<div class=\"elementor-widget-container\">\n\t\t\t\t\t\t\t\t\t\t\t\t\t\t\t<img fetchpriority=\"high\" decoding=\"async\" width=\"2048\" height=\"1180\" src=\"https:\/\/www.accessibleskies.ca\/wp-content\/uploads\/2025\/09\/EDIT_medium-shot-senior-women-walking-together-2048x1180.jpg\" class=\"attachment-2048x2048 size-2048x2048 wp-image-3070\" alt=\"Two older women are walking arm-in-arm on a modern pedestrian bridge, smiling and laughing. They look relaxed and happy, wearing cozy sweaters on a cloudy day. Deux femmes \u00e2g\u00e9es marchent bras dessus bras dessous sur une passerelle pi\u00e9tonne moderne. Elles sourient et rient, portant des chandails confortables par une journ\u00e9e nuageuse. Elles ont l\u2019air d\u00e9tendues et heureuses.\" srcset=\"\" sizes=\"(max-width: 2048px) 100vw, 2048px\" data-srcset=\"\" \/>\t\t\t\t\t\t\t\t\t\t\t\t\t\t\t<\/div>\n\t\t\t\t<\/div>\n\t\t\t\t<div class=\"elementor-element elementor-element-9cc1b0d elementor-widget elementor-widget-heading\" data-id=\"9cc1b0d\" data-element_type=\"widget\" data-widget_type=\"heading.default\">\n\t\t\t\t<div class=\"elementor-widget-container\">\n\t\t\t\t\t<h2 class=\"elementor-heading-title elementor-size-default\">A\u00e9roports accessibles. Ciels inclusifs.<\/h2>\t\t\t\t<\/div>\n\t\t\t\t<\/div>\n\t\t\t\t\t<\/div>\n\t\t\t\t<\/div>\n\t\t<div class=\"elementor-element elementor-element-91b0336 e-flex e-con-boxed e-con e-parent\" data-id=\"91b0336\" data-element_type=\"container\" data-settings=\"{&quot;background_background&quot;:&quot;classic&quot;}\">\n\t\t\t\t\t<div class=\"e-con-inner\">\n\t\t\t\t<div class=\"elementor-element elementor-element-d9f1bd8 elementor-widget elementor-widget-heading\" data-id=\"d9f1bd8\" data-element_type=\"widget\" data-widget_type=\"heading.default\">\n\t\t\t\t<div class=\"elementor-widget-container\">\n\t\t\t\t\t<h2 class=\"elementor-heading-title elementor-size-default\">Bienvenue \u00e0 Ciels accessibles<\/h2>\t\t\t\t<\/div>\n\t\t\t\t<\/div>\n\t\t\t\t\t<\/div>\n\t\t\t\t<\/div>\n\t\t<div class=\"elementor-element elementor-element-8adb7f2 e-flex e-con-boxed e-con e-parent\" data-id=\"8adb7f2\" data-element_type=\"container\">\n\t\t\t\t\t<div class=\"e-con-inner\">\n\t\t<div class=\"elementor-element elementor-element-06dfbde e-con-full e-flex e-con e-child\" data-id=\"06dfbde\" data-element_type=\"container\">\n\t\t\t\t<div class=\"elementor-element elementor-element-80b5228 elementor-widget elementor-widget-text-editor\" data-id=\"80b5228\" data-element_type=\"widget\" data-widget_type=\"text-editor.default\">\n\t\t\t\t<div class=\"elementor-widget-container\">\n\t\t\t\t\t\t\t\t\t<p>Cette \u00e9tude visera \u00e0 identifier et analyser les obstacles auxquels font face les voyageurs ayant une d\u00e9ficience cognitive ainsi que leurs accompagnateurs, tout au long de leur exp\u00e9rience a\u00e9roportuaire. Cela comprend la planification de l\u2019arriv\u00e9e, l\u2019enregistrement, les contr\u00f4les de s\u00e9curit\u00e9, les douanes et le temps d\u2019attente, et ce, dans des a\u00e9roports de diff\u00e9rentes tailles.<\/p><p>Notre objectif est d\u2019influencer les normes d\u2019accessibilit\u00e9 dans les a\u00e9roports canadiens, en r\u00e9duisant les barri\u00e8res et en promouvant les meilleures pratiques. En agissant sur l\u2019\u00e9laboration de ces normes et l\u2019am\u00e9lioration de la formation du personnel, ce projet vise \u00e0 aider les a\u00e9roports \u00e0 mieux soutenir ces voyageurs.<\/p>\t\t\t\t\t\t\t\t<\/div>\n\t\t\t\t<\/div>\n\t\t\t\t<\/div>\n\t\t<div class=\"elementor-element elementor-element-0aa73d5 e-con-full e-flex e-con e-child\" data-id=\"0aa73d5\" data-element_type=\"container\">\n\t\t\t\t<div class=\"elementor-element elementor-element-5f703d9 elementor-widget elementor-widget-image\" data-id=\"5f703d9\" data-element_type=\"widget\" data-widget_type=\"image.default\">\n\t\t\t\t<div class=\"elementor-widget-container\">\n\t\t\t\t\t\t\t\t\t\t\t\t\t\t\t<img decoding=\"async\" width=\"1024\" height=\"728\" src=\"https:\/\/www.accessibleskies.ca\/wp-content\/uploads\/2025\/08\/Image-4_EDIT-1024x728.png\" class=\"attachment-large size-large wp-image-2981\" alt=\"An older woman with glasses warmly hugs an older man in an airport space. She\u2019s smiling joyfully, and they appear happy to see each other, possibly reunited after time apart. Une femme \u00e2g\u00e9e portant des lunettes serre chaleureusement un homme \u00e2g\u00e9 dans ses bras, dans un a\u00e9roport. Elle sourit avec joie. Ils semblent heureux de se retrouver, peut-\u00eatre apr\u00e8s une longue s\u00e9paration.\" srcset=\"https:\/\/www.accessibleskies.ca\/wp-content\/uploads\/2025\/08\/Image-4_EDIT-1024x728.png 1024w, https:\/\/www.accessibleskies.ca\/wp-content\/uploads\/2025\/08\/Image-4_EDIT-300x213.png 300w, https:\/\/www.accessibleskies.ca\/wp-content\/uploads\/2025\/08\/Image-4_EDIT-768x546.png 768w, https:\/\/www.accessibleskies.ca\/wp-content\/uploads\/2025\/08\/Image-4_EDIT.png 1520w\" sizes=\"(max-width: 1024px) 100vw, 1024px\" \/>\t\t\t\t\t\t\t\t\t\t\t\t\t\t\t<\/div>\n\t\t\t\t<\/div>\n\t\t\t\t<\/div>\n\t\t\t\t\t<\/div>\n\t\t\t\t<\/div>\n\t\t<div class=\"elementor-element elementor-element-18a42d9 e-flex e-con-boxed e-con e-parent\" data-id=\"18a42d9\" data-element_type=\"container\" data-settings=\"{&quot;background_background&quot;:&quot;gradient&quot;}\">\n\t\t\t\t\t<div class=\"e-con-inner\">\n\t\t\t\t<div class=\"elementor-element elementor-element-529224b elementor-widget elementor-widget-heading\" data-id=\"529224b\" data-element_type=\"widget\" data-widget_type=\"heading.default\">\n\t\t\t\t<div class=\"elementor-widget-container\">\n\t\t\t\t\t<h2 class=\"elementor-heading-title elementor-size-default\"><a href=\"https:\/\/www.accessibleskies.ca\/fr\/project-at-a-glance\/\">Aper\u00e7u du projet<\/a><\/h2>\t\t\t\t<\/div>\n\t\t\t\t<\/div>\n\t\t\t\t<div class=\"elementor-element elementor-element-1d7ed80 elementor-widget elementor-widget-text-editor\" data-id=\"1d7ed80\" data-element_type=\"widget\" data-widget_type=\"text-editor.default\">\n\t\t\t\t<div class=\"elementor-widget-container\">\n\t\t\t\t\t\t\t\t\t<p>D\u00e9couvrez un r\u00e9sum\u00e9 visuel en une page de nos objectifs de recherche et de notre approche.<\/p>\t\t\t\t\t\t\t\t<\/div>\n\t\t\t\t<\/div>\n\t\t\t\t<div class=\"elementor-element elementor-element-6fae6f6 elementor-widget elementor-widget-image\" data-id=\"6fae6f6\" data-element_type=\"widget\" data-widget_type=\"image.default\">\n\t\t\t\t<div class=\"elementor-widget-container\">\n\t\t\t\t\t\t\t\t\t\t\t\t\t\t\t\t<a href=\"https:\/\/www.accessibleskies.ca\/fr\/project-at-a-glance\/\">\n\t\t\t\t\t\t\t<img decoding=\"async\" width=\"103\" height=\"103\" src=\"https:\/\/www.accessibleskies.ca\/wp-content\/uploads\/2025\/09\/Green-arrow-button_FRENCH.png\" class=\"attachment-large size-large wp-image-3234\" alt=\"green arrow button\" srcset=\"https:\/\/www.accessibleskies.ca\/wp-content\/uploads\/2025\/09\/Green-arrow-button_FRENCH.png 103w, https:\/\/www.accessibleskies.ca\/wp-content\/uploads\/2025\/09\/Green-arrow-button_FRENCH-12x12.png 12w\" sizes=\"(max-width: 103px) 100vw, 103px\" \/>\t\t\t\t\t\t\t\t<\/a>\n\t\t\t\t\t\t\t\t\t\t\t\t\t\t\t<\/div>\n\t\t\t\t<\/div>\n\t\t\t\t\t<\/div>\n\t\t\t\t<\/div>\n\t\t<div class=\"elementor-element elementor-element-ea391ce e-flex e-con-boxed e-con e-parent\" data-id=\"ea391ce\" data-element_type=\"container\" data-settings=\"{&quot;background_background&quot;:&quot;classic&quot;}\">\n\t\t\t\t\t<div class=\"e-con-inner\">\n\t\t<div class=\"elementor-element elementor-element-deaab67 e-con-full e-flex e-con e-child\" data-id=\"deaab67\" data-element_type=\"container\">\n\t\t\t\t<div class=\"elementor-element elementor-element-648c9f7 elementor-widget elementor-widget-image\" data-id=\"648c9f7\" data-element_type=\"widget\" data-widget_type=\"image.default\">\n\t\t\t\t<div class=\"elementor-widget-container\">\n\t\t\t\t\t\t\t\t\t\t\t\t\t\t\t<img loading=\"lazy\" decoding=\"async\" width=\"1387\" height=\"1080\" src=\"https:\/\/www.accessibleskies.ca\/wp-content\/uploads\/2025\/08\/Image-3_EDIT-1.png\" class=\"attachment-full size-full wp-image-2999\" alt=\"A smiling woman with long gray hair walks confidently while pulling a suitcase. She\u2019s dressed in business-casual clothing and wears a bright orange scarf. The setting is outside an airport. Une femme souriante aux longs cheveux gris marche avec assurance en tirant une valise. Elle porte des v\u00eatements de style professionnel-d\u00e9contract\u00e9 et une \u00e9charpe orange vif. La sc\u00e8ne se d\u00e9roule \u00e0 l\u2019ext\u00e9rieur d\u2019un a\u00e9roport.\" srcset=\"https:\/\/www.accessibleskies.ca\/wp-content\/uploads\/2025\/08\/Image-3_EDIT-1.png 1387w, https:\/\/www.accessibleskies.ca\/wp-content\/uploads\/2025\/08\/Image-3_EDIT-1-300x234.png 300w, https:\/\/www.accessibleskies.ca\/wp-content\/uploads\/2025\/08\/Image-3_EDIT-1-1024x797.png 1024w, https:\/\/www.accessibleskies.ca\/wp-content\/uploads\/2025\/08\/Image-3_EDIT-1-768x598.png 768w\" sizes=\"(max-width: 1387px) 100vw, 1387px\" \/>\t\t\t\t\t\t\t\t\t\t\t\t\t\t\t<\/div>\n\t\t\t\t<\/div>\n\t\t\t\t<\/div>\n\t\t<div class=\"elementor-element elementor-element-7fa1502 e-con-full e-flex e-con e-child\" data-id=\"7fa1502\" data-element_type=\"container\">\n\t\t\t\t<div class=\"elementor-element elementor-element-af6334c elementor-widget elementor-widget-heading\" data-id=\"af6334c\" data-element_type=\"widget\" data-widget_type=\"heading.default\">\n\t\t\t\t<div class=\"elementor-widget-container\">\n\t\t\t\t\t<h2 class=\"elementor-heading-title elementor-size-default\">Financement du projet<\/h2>\t\t\t\t<\/div>\n\t\t\t\t<\/div>\n\t\t\t\t<div class=\"elementor-element elementor-element-afc719d elementor-widget elementor-widget-text-editor\" data-id=\"afc719d\" data-element_type=\"widget\" data-widget_type=\"text-editor.default\">\n\t\t\t\t<div class=\"elementor-widget-container\">\n\t\t\t\t\t\t\t\t\t<p>Ce projet est financ\u00e9 par le gouvernement du Canada et Normes d\u2019accessibilit\u00e9 Canada dans le cadre du programme \u00ab Recherche pour faire progresser les normes d\u2019accessibilit\u00e9 \u00bb.<\/p>\t\t\t\t\t\t\t\t<\/div>\n\t\t\t\t<\/div>\n\t\t\t\t<div class=\"elementor-element elementor-element-e771731 elementor-widget elementor-widget-image\" data-id=\"e771731\" data-element_type=\"widget\" data-widget_type=\"image.default\">\n\t\t\t\t<div class=\"elementor-widget-container\">\n\t\t\t\t\t\t\t\t\t\t\t\t\t\t\t<img loading=\"lazy\" decoding=\"async\" width=\"1024\" height=\"388\" src=\"https:\/\/www.accessibleskies.ca\/wp-content\/uploads\/2025\/09\/Graphic-1._EDIT-copy-1024x388.png\" class=\"attachment-large size-large wp-image-3216\" alt=\"Logo of Accessibility Standards Canada, featuring a black and white Canadian flag with a maple leaf next to the organization&#039;s name in plain black text. The official wordmark of the Government of Canada. The word &quot;Canada&quot; appears in bold, black font. Above the final letter \u201ca\u201d is a small Canadian flag, with a red maple leaf centred on a white square, flanked by two vertical red bars. Logo de Normes d\u2019accessibilit\u00e9 Canada, avec un drapeau canadien noir et blanc affichant une feuille d\u2019\u00e9rable, \u00e0 c\u00f4t\u00e9 du nom de l\u2019organisme en texte noir simple. Signature officielle du gouvernement du Canada. Le mot \u00ab Canada \u00bb est \u00e9crit en noir, en caract\u00e8res gras. Au-dessus de la derni\u00e8re lettre \u00ab a \u00bb se trouve un petit drapeau canadien avec une feuille d\u2019\u00e9rable rouge centr\u00e9e sur un carr\u00e9 blanc, encadr\u00e9e de deux bandes rouges verticales.\" srcset=\"https:\/\/www.accessibleskies.ca\/wp-content\/uploads\/2025\/09\/Graphic-1._EDIT-copy-1024x388.png 1024w, https:\/\/www.accessibleskies.ca\/wp-content\/uploads\/2025\/09\/Graphic-1._EDIT-copy-300x114.png 300w, https:\/\/www.accessibleskies.ca\/wp-content\/uploads\/2025\/09\/Graphic-1._EDIT-copy-768x291.png 768w, https:\/\/www.accessibleskies.ca\/wp-content\/uploads\/2025\/09\/Graphic-1._EDIT-copy-1536x583.png 1536w, https:\/\/www.accessibleskies.ca\/wp-content\/uploads\/2025\/09\/Graphic-1._EDIT-copy-18x7.png 18w, https:\/\/www.accessibleskies.ca\/wp-content\/uploads\/2025\/09\/Graphic-1._EDIT-copy.png 1761w\" sizes=\"(max-width: 1024px) 100vw, 1024px\" \/>\t\t\t\t\t\t\t\t\t\t\t\t\t\t\t<\/div>\n\t\t\t\t<\/div>\n\t\t\t\t<\/div>\n\t\t\t\t\t<\/div>\n\t\t\t\t<\/div>\n\t\t<div class=\"elementor-element elementor-element-9128149 e-flex e-con-boxed e-con e-parent\" data-id=\"9128149\" data-element_type=\"container\" data-settings=\"{&quot;background_background&quot;:&quot;classic&quot;}\">\n\t\t\t\t\t<div class=\"e-con-inner\">\n\t\t\t\t<div class=\"elementor-element elementor-element-1a8c05d elementor-widget elementor-widget-button\" data-id=\"1a8c05d\" data-element_type=\"widget\" data-widget_type=\"button.default\">\n\t\t\t\t<div class=\"elementor-widget-container\">\n\t\t\t\t\t\t\t\t\t<div class=\"elementor-button-wrapper\">\n\t\t\t\t\t<a class=\"elementor-button elementor-button-link elementor-size-sm\" href=\"#home-top\">\n\t\t\t\t\t\t<span class=\"elementor-button-content-wrapper\">\n\t\t\t\t\t\t\t\t\t<span class=\"elementor-button-text\">RETOUR EN HAUT<\/span>\n\t\t\t\t\t<\/span>\n\t\t\t\t\t<\/a>\n\t\t\t\t<\/div>\n\t\t\t\t\t\t\t\t<\/div>\n\t\t\t\t<\/div>\n\t\t\t\t\t<\/div>\n\t\t\t\t<\/div>\n\t\t\t\t<\/div>","protected":false},"excerpt":{"rendered":"<p>Accessible Airports. Inclusive Skies. Welcome to Accessible Skies This study will identify and analyze the barriers for travellers with cognitive [&hellip;]<\/p>","protected":false},"author":1,"featured_media":0,"parent":0,"menu_order":0,"comment_status":"closed","ping_status":"closed","template":"","meta":{"site-sidebar-layout":"no-sidebar","site-content-layout":"","ast-site-content-layout":"full-width-container","site-content-style":"default","site-sidebar-style":"default","ast-global-header-display":"","ast-banner-title-visibility":"","ast-main-header-display":"","ast-hfb-above-header-display":"","ast-hfb-below-header-display":"","ast-hfb-mobile-header-display":"","site-post-title":"","ast-breadcrumbs-content":"","ast-featured-img":"","footer-sml-layout":"","theme-transparent-header-meta":"","adv-header-id-meta":"","stick-header-meta":"","header-above-stick-meta":"","header-main-stick-meta":"","header-below-stick-meta":"","astra-migrate-meta-layouts":"default","ast-page-background-enabled":"default","ast-page-background-meta":{"desktop":{"background-color":"var(--ast-global-color-4)","background-image":"","background-repeat":"repeat","background-position":"center center","background-size":"auto","background-attachment":"scroll","background-type":"","background-media":"","overlay-type":"","overlay-color":"","overlay-opacity":"","overlay-gradient":""},"tablet":{"background-color":"","background-image":"","background-repeat":"repeat","background-position":"center center","background-size":"auto","background-attachment":"scroll","background-type":"","background-media":"","overlay-type":"","overlay-color":"","overlay-opacity":"","overlay-gradient":""},"mobile":{"background-color":"","background-image":"","background-repeat":"repeat","background-position":"center center","background-size":"auto","background-attachment":"scroll","background-type":"","background-media":"","overlay-type":"","overlay-color":"","overlay-opacity":"","overlay-gradient":""}},"ast-content-background-meta":{"desktop":{"background-color":"var(--ast-global-color-5)","background-image":"","background-repeat":"repeat","background-position":"center center","background-size":"auto","background-attachment":"scroll","background-type":"","background-media":"","overlay-type":"","overlay-color":"","overlay-opacity":"","overlay-gradient":""},"tablet":{"background-color":"var(--ast-global-color-5)","background-image":"","background-repeat":"repeat","background-position":"center center","background-size":"auto","background-attachment":"scroll","background-type":"","background-media":"","overlay-type":"","overlay-color":"","overlay-opacity":"","overlay-gradient":""},"mobile":{"background-color":"var(--ast-global-color-5)","background-image":"","background-repeat":"repeat","background-position":"center center","background-size":"auto","background-attachment":"scroll","background-type":"","background-media":"","overlay-type":"","overlay-color":"","overlay-opacity":"","overlay-gradient":""}},"footnotes":""},"class_list":["post-2143","page","type-page","status-publish","hentry"],"jetpack_sharing_enabled":true,"_links":{"self":[{"href":"https:\/\/www.accessibleskies.ca\/fr\/wp-json\/wp\/v2\/pages\/2143","targetHints":{"allow":["GET"]}}],"collection":[{"href":"https:\/\/www.accessibleskies.ca\/fr\/wp-json\/wp\/v2\/pages"}],"about":[{"href":"https:\/\/www.accessibleskies.ca\/fr\/wp-json\/wp\/v2\/types\/page"}],"author":[{"embeddable":true,"href":"https:\/\/www.accessibleskies.ca\/fr\/wp-json\/wp\/v2\/users\/1"}],"replies":[{"embeddable":true,"href":"https:\/\/www.accessibleskies.ca\/fr\/wp-json\/wp\/v2\/comments?post=2143"}],"version-history":[{"count":294,"href":"https:\/\/www.accessibleskies.ca\/fr\/wp-json\/wp\/v2\/pages\/2143\/revisions"}],"predecessor-version":[{"id":3269,"href":"https:\/\/www.accessibleskies.ca\/fr\/wp-json\/wp\/v2\/pages\/2143\/revisions\/3269"}],"wp:attachment":[{"href":"https:\/\/www.accessibleskies.ca\/fr\/wp-json\/wp\/v2\/media?parent=2143"}],"curies":[{"name":"wp","href":"https:\/\/api.w.org\/{rel}","templated":true}]}}