{"id":2149,"date":"2025-08-15T17:32:47","date_gmt":"2025-08-15T17:32:47","guid":{"rendered":"https:\/\/www.accessibleskies.ca\/?page_id=2149"},"modified":"2025-09-03T14:17:31","modified_gmt":"2025-09-03T14:17:31","slug":"our-work","status":"publish","type":"page","link":"https:\/\/www.accessibleskies.ca\/fr\/our-work\/","title":{"rendered":"Notre travail"},"content":{"rendered":"<div data-elementor-type=\"wp-page\" data-elementor-id=\"2149\" class=\"elementor elementor-2149\">\n\t\t\t\t<div class=\"elementor-element elementor-element-1909404 e-flex e-con-boxed e-con e-parent\" data-id=\"1909404\" data-element_type=\"container\" data-settings=\"{&quot;background_background&quot;:&quot;classic&quot;}\">\n\t\t\t\t\t<div class=\"e-con-inner\">\n\t\t\t\t<div class=\"elementor-element elementor-element-6429183 elementor-widget elementor-widget-menu-anchor\" data-id=\"6429183\" data-element_type=\"widget\" data-widget_type=\"menu-anchor.default\">\n\t\t\t\t<div class=\"elementor-widget-container\">\n\t\t\t\t\t\t\t<div class=\"elementor-menu-anchor\" id=\"top\"><\/div>\n\t\t\t\t\t\t<\/div>\n\t\t\t\t<\/div>\n\t\t\t\t\t<\/div>\n\t\t\t\t<\/div>\n\t\t<div class=\"elementor-element elementor-element-9a84325 e-flex e-con-boxed e-con e-parent\" data-id=\"9a84325\" data-element_type=\"container\" data-settings=\"{&quot;background_background&quot;:&quot;gradient&quot;}\">\n\t\t\t\t\t<div class=\"e-con-inner\">\n\t\t\t\t<div class=\"elementor-element elementor-element-52705ce elementor-widget elementor-widget-image\" data-id=\"52705ce\" data-element_type=\"widget\" data-widget_type=\"image.default\">\n\t\t\t\t<div class=\"elementor-widget-container\">\n\t\t\t\t\t\t\t\t\t\t\t\t\t\t\t<img fetchpriority=\"high\" decoding=\"async\" width=\"1920\" height=\"1080\" src=\"https:\/\/www.accessibleskies.ca\/wp-content\/uploads\/2025\/09\/Image-6.png\" class=\"attachment-2048x2048 size-2048x2048 wp-image-3066\" alt=\"A woman with long hair stands at a podium speaking to a seated group in a bright, modern room with large windows. The audience looks engaged, suggesting a lecture, workshop, or presentation setting. Une femme aux longs cheveux se tient \u00e0 un podium et s\u2019adresse \u00e0 un groupe assis dans une salle moderne et lumineuse avec de grandes fen\u00eatres. Le public semble attentif, sugg\u00e9rant un contexte de conf\u00e9rence, d\u2019atelier ou de pr\u00e9sentation.\" srcset=\"https:\/\/www.accessibleskies.ca\/wp-content\/uploads\/2025\/09\/Image-6.png 1920w, https:\/\/www.accessibleskies.ca\/wp-content\/uploads\/2025\/09\/Image-6-300x169.png 300w, https:\/\/www.accessibleskies.ca\/wp-content\/uploads\/2025\/09\/Image-6-1024x576.png 1024w, https:\/\/www.accessibleskies.ca\/wp-content\/uploads\/2025\/09\/Image-6-768x432.png 768w, https:\/\/www.accessibleskies.ca\/wp-content\/uploads\/2025\/09\/Image-6-1536x864.png 1536w\" sizes=\"(max-width: 1920px) 100vw, 1920px\" \/>\t\t\t\t\t\t\t\t\t\t\t\t\t\t\t<\/div>\n\t\t\t\t<\/div>\n\t\t\t\t\t<\/div>\n\t\t\t\t<\/div>\n\t\t<div class=\"elementor-element elementor-element-17a66ef e-flex e-con-boxed e-con e-parent\" data-id=\"17a66ef\" data-element_type=\"container\" data-settings=\"{&quot;background_background&quot;:&quot;gradient&quot;}\">\n\t\t\t\t\t<div class=\"e-con-inner\">\n\t\t\t\t<div class=\"elementor-element elementor-element-2374535 elementor-widget elementor-widget-heading\" data-id=\"2374535\" data-element_type=\"widget\" data-widget_type=\"heading.default\">\n\t\t\t\t<div class=\"elementor-widget-container\">\n\t\t\t\t\t<h2 class=\"elementor-heading-title elementor-size-default\">Notre travail<\/h2>\t\t\t\t<\/div>\n\t\t\t\t<\/div>\n\t\t\t\t<div class=\"elementor-element elementor-element-570f474 elementor-widget elementor-widget-text-editor\" data-id=\"570f474\" data-element_type=\"widget\" data-widget_type=\"text-editor.default\">\n\t\t\t\t<div class=\"elementor-widget-container\">\n\t\t\t\t\t\t\t\t\t<p>Il s\u2019agit d\u2019un projet d\u2019une dur\u00e9e de 3 ans. \u00c0 mesure que les volets du travail seront compl\u00e9t\u00e9s, ils seront ajout\u00e9s dans le dossier correspondant de cette section.<\/p>\t\t\t\t\t\t\t\t<\/div>\n\t\t\t\t<\/div>\n\t\t\t\t\t<\/div>\n\t\t\t\t<\/div>\n\t\t<div class=\"elementor-element elementor-element-72ccd51 e-flex e-con-boxed e-con e-parent\" data-id=\"72ccd51\" data-element_type=\"container\" data-settings=\"{&quot;background_background&quot;:&quot;gradient&quot;}\">\n\t\t\t\t\t<div class=\"e-con-inner\">\n\t\t<div class=\"elementor-element elementor-element-20bf478 e-con-full e-flex e-con e-child\" data-id=\"20bf478\" data-element_type=\"container\" data-settings=\"{&quot;background_background&quot;:&quot;classic&quot;}\">\n\t\t\t\t<div class=\"elementor-element elementor-element-42e7992 elementor-widget elementor-widget-image\" data-id=\"42e7992\" data-element_type=\"widget\" data-widget_type=\"image.default\">\n\t\t\t\t<div class=\"elementor-widget-container\">\n\t\t\t\t\t\t\t\t\t\t\t\t\t\t\t<img decoding=\"async\" width=\"1024\" height=\"576\" src=\"https:\/\/www.accessibleskies.ca\/wp-content\/uploads\/2025\/08\/Image-13-1024x576.png\" class=\"attachment-large size-large wp-image-2862\" alt=\"Two people sit across from each other at a white desk, exchanging a clipboard. The table has laptops, documents, a calculator, and coffee cups, suggesting a meeting or business discussion. Deux personnes sont assises face \u00e0 face \u00e0 un bureau blanc et s\u2019\u00e9changent une planchette \u00e0 pince. Sur la table se trouvent des ordinateurs portables, des documents, une calculatrice et des tasses de caf\u00e9, sugg\u00e9rant une r\u00e9union ou une discussion d\u2019affaires.\" srcset=\"https:\/\/www.accessibleskies.ca\/wp-content\/uploads\/2025\/08\/Image-13-1024x576.png 1024w, https:\/\/www.accessibleskies.ca\/wp-content\/uploads\/2025\/08\/Image-13-300x169.png 300w, https:\/\/www.accessibleskies.ca\/wp-content\/uploads\/2025\/08\/Image-13-768x432.png 768w, https:\/\/www.accessibleskies.ca\/wp-content\/uploads\/2025\/08\/Image-13-1536x864.png 1536w, https:\/\/www.accessibleskies.ca\/wp-content\/uploads\/2025\/08\/Image-13.png 1920w\" sizes=\"(max-width: 1024px) 100vw, 1024px\" \/>\t\t\t\t\t\t\t\t\t\t\t\t\t\t\t<\/div>\n\t\t\t\t<\/div>\n\t\t\t\t<div class=\"elementor-element elementor-element-4d8ad31 elementor-widget elementor-widget-text-editor\" data-id=\"4d8ad31\" data-element_type=\"widget\" data-widget_type=\"text-editor.default\">\n\t\t\t\t<div class=\"elementor-widget-container\">\n\t\t\t\t\t\t\t\t\t<p>Revue de litt\u00e9rature<\/p>\t\t\t\t\t\t\t\t<\/div>\n\t\t\t\t<\/div>\n\t\t\t\t<\/div>\n\t\t<div class=\"elementor-element elementor-element-8d398c2 e-con-full e-flex e-con e-child\" data-id=\"8d398c2\" data-element_type=\"container\" data-settings=\"{&quot;background_background&quot;:&quot;classic&quot;}\">\n\t\t\t\t<div class=\"elementor-element elementor-element-2b30c87 elementor-widget elementor-widget-image\" data-id=\"2b30c87\" data-element_type=\"widget\" data-widget_type=\"image.default\">\n\t\t\t\t<div class=\"elementor-widget-container\">\n\t\t\t\t\t\t\t\t\t\t\t\t\t\t\t<img decoding=\"async\" width=\"1024\" height=\"576\" src=\"https:\/\/www.accessibleskies.ca\/wp-content\/uploads\/2025\/08\/Image-9-1024x576.png\" class=\"attachment-large size-large wp-image-2863\" alt=\"A man stands at a whiteboard presenting to a group of seated colleagues in a modern meeting room with wooden walls. The group appears focused, suggesting a team discussion or training session. Un homme se tient devant un tableau blanc et fait une pr\u00e9sentation \u00e0 un groupe de coll\u00e8gues assis dans une salle de r\u00e9union moderne aux murs en bois. Le groupe semble concentr\u00e9, sugg\u00e9rant une discussion d\u2019\u00e9quipe ou une s\u00e9ance de formation.\" srcset=\"https:\/\/www.accessibleskies.ca\/wp-content\/uploads\/2025\/08\/Image-9-1024x576.png 1024w, https:\/\/www.accessibleskies.ca\/wp-content\/uploads\/2025\/08\/Image-9-300x169.png 300w, https:\/\/www.accessibleskies.ca\/wp-content\/uploads\/2025\/08\/Image-9-768x432.png 768w, https:\/\/www.accessibleskies.ca\/wp-content\/uploads\/2025\/08\/Image-9-1536x864.png 1536w, https:\/\/www.accessibleskies.ca\/wp-content\/uploads\/2025\/08\/Image-9.png 1920w\" sizes=\"(max-width: 1024px) 100vw, 1024px\" \/>\t\t\t\t\t\t\t\t\t\t\t\t\t\t\t<\/div>\n\t\t\t\t<\/div>\n\t\t\t\t<div class=\"elementor-element elementor-element-58311b0 elementor-widget elementor-widget-text-editor\" data-id=\"58311b0\" data-element_type=\"widget\" data-widget_type=\"text-editor.default\">\n\t\t\t\t<div class=\"elementor-widget-container\">\n\t\t\t\t\t\t\t\t\t<p>Pr\u00e9sentations<\/p>\t\t\t\t\t\t\t\t<\/div>\n\t\t\t\t<\/div>\n\t\t\t\t<\/div>\n\t\t<div class=\"elementor-element elementor-element-5110eec e-con-full e-flex e-con e-child\" data-id=\"5110eec\" data-element_type=\"container\" data-settings=\"{&quot;background_background&quot;:&quot;classic&quot;}\">\n\t\t\t\t<div class=\"elementor-element elementor-element-74208d2 elementor-widget elementor-widget-image\" data-id=\"74208d2\" data-element_type=\"widget\" data-widget_type=\"image.default\">\n\t\t\t\t<div class=\"elementor-widget-container\">\n\t\t\t\t\t\t\t\t\t\t\t\t\t\t\t<img loading=\"lazy\" decoding=\"async\" width=\"1024\" height=\"576\" src=\"https:\/\/www.accessibleskies.ca\/wp-content\/uploads\/2025\/08\/Image-10-1024x576.png\" class=\"attachment-large size-large wp-image-2864\" alt=\"A computer keyboard with three blue keys featuring smiley faces: happy, neutral, and sad. These symbols suggest a feedback or rating system, related to user experience or satisfaction. Un clavier d\u2019ordinateur avec trois touches bleues montrant des visages souriants : heureux, neutre et triste. Ces symboles \u00e9voquent un syst\u00e8me de r\u00e9troaction ou d\u2019\u00e9valuation li\u00e9 \u00e0 l\u2019exp\u00e9rience ou \u00e0 la satisfaction des usagers.\" srcset=\"https:\/\/www.accessibleskies.ca\/wp-content\/uploads\/2025\/08\/Image-10-1024x576.png 1024w, https:\/\/www.accessibleskies.ca\/wp-content\/uploads\/2025\/08\/Image-10-300x169.png 300w, https:\/\/www.accessibleskies.ca\/wp-content\/uploads\/2025\/08\/Image-10-768x432.png 768w, https:\/\/www.accessibleskies.ca\/wp-content\/uploads\/2025\/08\/Image-10-1536x864.png 1536w, https:\/\/www.accessibleskies.ca\/wp-content\/uploads\/2025\/08\/Image-10.png 1920w\" sizes=\"(max-width: 1024px) 100vw, 1024px\" \/>\t\t\t\t\t\t\t\t\t\t\t\t\t\t\t<\/div>\n\t\t\t\t<\/div>\n\t\t\t\t<div class=\"elementor-element elementor-element-b65384f elementor-widget elementor-widget-text-editor\" data-id=\"b65384f\" data-element_type=\"widget\" data-widget_type=\"text-editor.default\">\n\t\t\t\t<div class=\"elementor-widget-container\">\n\t\t\t\t\t\t\t\t\t<p>R\u00e9sultats du sondage<\/p>\t\t\t\t\t\t\t\t<\/div>\n\t\t\t\t<\/div>\n\t\t\t\t<\/div>\n\t\t<div class=\"elementor-element elementor-element-670768c e-con-full e-flex e-con e-child\" data-id=\"670768c\" data-element_type=\"container\" data-settings=\"{&quot;background_background&quot;:&quot;classic&quot;}\">\n\t\t\t\t<div class=\"elementor-element elementor-element-b5aa5fb elementor-widget elementor-widget-image\" data-id=\"b5aa5fb\" data-element_type=\"widget\" data-widget_type=\"image.default\">\n\t\t\t\t<div class=\"elementor-widget-container\">\n\t\t\t\t\t\t\t\t\t\t\t\t\t\t\t<img loading=\"lazy\" decoding=\"async\" width=\"1024\" height=\"576\" src=\"https:\/\/www.accessibleskies.ca\/wp-content\/uploads\/2025\/08\/Image-12-1024x576.png\" class=\"attachment-large size-large wp-image-2865\" alt=\"An older couple walks through an airport terminal smiling. One person pulls a suitcase while the other holds travel documents. They appear relaxed and ready for their journey. Un couple \u00e2g\u00e9 marche en souriant dans un terminal d\u2019a\u00e9roport. L\u2019un tire une valise tandis que l\u2019autre tient des documents de voyage. Ils semblent d\u00e9tendus et pr\u00eats pour leur voyage.\" srcset=\"https:\/\/www.accessibleskies.ca\/wp-content\/uploads\/2025\/08\/Image-12-1024x576.png 1024w, https:\/\/www.accessibleskies.ca\/wp-content\/uploads\/2025\/08\/Image-12-300x169.png 300w, https:\/\/www.accessibleskies.ca\/wp-content\/uploads\/2025\/08\/Image-12-768x432.png 768w, https:\/\/www.accessibleskies.ca\/wp-content\/uploads\/2025\/08\/Image-12-1536x864.png 1536w, https:\/\/www.accessibleskies.ca\/wp-content\/uploads\/2025\/08\/Image-12.png 1920w\" sizes=\"(max-width: 1024px) 100vw, 1024px\" \/>\t\t\t\t\t\t\t\t\t\t\t\t\t\t\t<\/div>\n\t\t\t\t<\/div>\n\t\t\t\t<div class=\"elementor-element elementor-element-e0ea3fe elementor-widget elementor-widget-text-editor\" data-id=\"e0ea3fe\" data-element_type=\"widget\" data-widget_type=\"text-editor.default\">\n\t\t\t\t<div class=\"elementor-widget-container\">\n\t\t\t\t\t\t\t\t\t<p>Cartes des parcours client<\/p>\t\t\t\t\t\t\t\t<\/div>\n\t\t\t\t<\/div>\n\t\t\t\t<\/div>\n\t\t<div class=\"elementor-element elementor-element-c67716d e-con-full e-flex e-con e-child\" data-id=\"c67716d\" data-element_type=\"container\" data-settings=\"{&quot;background_background&quot;:&quot;classic&quot;}\">\n\t\t\t\t<div class=\"elementor-element elementor-element-6a1a98d elementor-widget elementor-widget-image\" data-id=\"6a1a98d\" data-element_type=\"widget\" data-widget_type=\"image.default\">\n\t\t\t\t<div class=\"elementor-widget-container\">\n\t\t\t\t\t\t\t\t\t\t\t\t\t\t\t<img loading=\"lazy\" decoding=\"async\" width=\"1024\" height=\"576\" src=\"https:\/\/www.accessibleskies.ca\/wp-content\/uploads\/2025\/08\/Image-11-1024x576.png\" class=\"attachment-large size-large wp-image-2867\" alt=\"Four women in a modern office space celebrate together. Two of them are giving a high-five, while another smiles at a laptop. The mood is positive and collaborative. Quatre femmes dans un bureau moderne c\u00e9l\u00e8brent ensemble. Deux d\u2019entre elles se donnent un high-five, tandis qu\u2019une autre sourit devant un ordinateur portable. L\u2019ambiance est positive et collaborative.\" srcset=\"https:\/\/www.accessibleskies.ca\/wp-content\/uploads\/2025\/08\/Image-11-1024x576.png 1024w, https:\/\/www.accessibleskies.ca\/wp-content\/uploads\/2025\/08\/Image-11-300x169.png 300w, https:\/\/www.accessibleskies.ca\/wp-content\/uploads\/2025\/08\/Image-11-768x432.png 768w, https:\/\/www.accessibleskies.ca\/wp-content\/uploads\/2025\/08\/Image-11-1536x864.png 1536w, https:\/\/www.accessibleskies.ca\/wp-content\/uploads\/2025\/08\/Image-11.png 1920w\" sizes=\"(max-width: 1024px) 100vw, 1024px\" \/>\t\t\t\t\t\t\t\t\t\t\t\t\t\t\t<\/div>\n\t\t\t\t<\/div>\n\t\t\t\t<div class=\"elementor-element elementor-element-8e10748 elementor-widget elementor-widget-text-editor\" data-id=\"8e10748\" data-element_type=\"widget\" data-widget_type=\"text-editor.default\">\n\t\t\t\t<div class=\"elementor-widget-container\">\n\t\t\t\t\t\t\t\t\t<p>Rapport de recherche final<\/p>\t\t\t\t\t\t\t\t<\/div>\n\t\t\t\t<\/div>\n\t\t\t\t<\/div>\n\t\t\t\t\t<\/div>\n\t\t\t\t<\/div>\n\t\t<div class=\"elementor-element elementor-element-d9e7f3a e-flex e-con-boxed e-con e-parent\" data-id=\"d9e7f3a\" data-element_type=\"container\" data-settings=\"{&quot;background_background&quot;:&quot;gradient&quot;}\">\n\t\t\t\t\t<div class=\"e-con-inner\">\n\t\t\t\t<div class=\"elementor-element elementor-element-12b50ea elementor-widget elementor-widget-button\" data-id=\"12b50ea\" data-element_type=\"widget\" data-widget_type=\"button.default\">\n\t\t\t\t<div class=\"elementor-widget-container\">\n\t\t\t\t\t\t\t\t\t<div class=\"elementor-button-wrapper\">\n\t\t\t\t\t<a class=\"elementor-button elementor-button-link elementor-size-sm\" href=\"#top\">\n\t\t\t\t\t\t<span class=\"elementor-button-content-wrapper\">\n\t\t\t\t\t\t\t\t\t<span class=\"elementor-button-text\">RETOUR EN HAUT<\/span>\n\t\t\t\t\t<\/span>\n\t\t\t\t\t<\/a>\n\t\t\t\t<\/div>\n\t\t\t\t\t\t\t\t<\/div>\n\t\t\t\t<\/div>\n\t\t\t\t\t<\/div>\n\t\t\t\t<\/div>\n\t\t\t\t<\/div>","protected":false},"excerpt":{"rendered":"<p>Our Work This is a 3 year project. As pieces of the work get completed, they will be uploaded in [&hellip;]<\/p>","protected":false},"author":1,"featured_media":0,"parent":0,"menu_order":0,"comment_status":"closed","ping_status":"closed","template":"","meta":{"site-sidebar-layout":"no-sidebar","site-content-layout":"","ast-site-content-layout":"full-width-container","site-content-style":"default","site-sidebar-style":"default","ast-global-header-display":"","ast-banner-title-visibility":"","ast-main-header-display":"","ast-hfb-above-header-display":"","ast-hfb-below-header-display":"","ast-hfb-mobile-header-display":"","site-post-title":"","ast-breadcrumbs-content":"","ast-featured-img":"disabled","footer-sml-layout":"","theme-transparent-header-meta":"","adv-header-id-meta":"","stick-header-meta":"","header-above-stick-meta":"","header-main-stick-meta":"","header-below-stick-meta":"","astra-migrate-meta-layouts":"default","ast-page-background-enabled":"default","ast-page-background-meta":{"desktop":{"background-color":"var(--ast-global-color-4)","background-image":"","background-repeat":"repeat","background-position":"center center","background-size":"auto","background-attachment":"scroll","background-type":"","background-media":"","overlay-type":"","overlay-color":"","overlay-opacity":"","overlay-gradient":""},"tablet":{"background-color":"","background-image":"","background-repeat":"repeat","background-position":"center center","background-size":"auto","background-attachment":"scroll","background-type":"","background-media":"","overlay-type":"","overlay-color":"","overlay-opacity":"","overlay-gradient":""},"mobile":{"background-color":"","background-image":"","background-repeat":"repeat","background-position":"center center","background-size":"auto","background-attachment":"scroll","background-type":"","background-media":"","overlay-type":"","overlay-color":"","overlay-opacity":"","overlay-gradient":""}},"ast-content-background-meta":{"desktop":{"background-color":"var(--ast-global-color-5)","background-image":"","background-repeat":"repeat","background-position":"center center","background-size":"auto","background-attachment":"scroll","background-type":"","background-media":"","overlay-type":"","overlay-color":"","overlay-opacity":"","overlay-gradient":""},"tablet":{"background-color":"var(--ast-global-color-5)","background-image":"","background-repeat":"repeat","background-position":"center center","background-size":"auto","background-attachment":"scroll","background-type":"","background-media":"","overlay-type":"","overlay-color":"","overlay-opacity":"","overlay-gradient":""},"mobile":{"background-color":"var(--ast-global-color-5)","background-image":"","background-repeat":"repeat","background-position":"center center","background-size":"auto","background-attachment":"scroll","background-type":"","background-media":"","overlay-type":"","overlay-color":"","overlay-opacity":"","overlay-gradient":""}},"footnotes":""},"class_list":["post-2149","page","type-page","status-publish","hentry"],"jetpack_sharing_enabled":true,"_links":{"self":[{"href":"https:\/\/www.accessibleskies.ca\/fr\/wp-json\/wp\/v2\/pages\/2149","targetHints":{"allow":["GET"]}}],"collection":[{"href":"https:\/\/www.accessibleskies.ca\/fr\/wp-json\/wp\/v2\/pages"}],"about":[{"href":"https:\/\/www.accessibleskies.ca\/fr\/wp-json\/wp\/v2\/types\/page"}],"author":[{"embeddable":true,"href":"https:\/\/www.accessibleskies.ca\/fr\/wp-json\/wp\/v2\/users\/1"}],"replies":[{"embeddable":true,"href":"https:\/\/www.accessibleskies.ca\/fr\/wp-json\/wp\/v2\/comments?post=2149"}],"version-history":[{"count":94,"href":"https:\/\/www.accessibleskies.ca\/fr\/wp-json\/wp\/v2\/pages\/2149\/revisions"}],"predecessor-version":[{"id":3163,"href":"https:\/\/www.accessibleskies.ca\/fr\/wp-json\/wp\/v2\/pages\/2149\/revisions\/3163"}],"wp:attachment":[{"href":"https:\/\/www.accessibleskies.ca\/fr\/wp-json\/wp\/v2\/media?parent=2149"}],"curies":[{"name":"wp","href":"https:\/\/api.w.org\/{rel}","templated":true}]}}