{"id":25,"date":"2025-08-15T17:25:14","date_gmt":"2025-08-15T17:25:14","guid":{"rendered":"https:\/\/www.accessibleskies.ca\/about\/"},"modified":"2025-09-03T14:56:13","modified_gmt":"2025-09-03T14:56:13","slug":"ourproject","status":"publish","type":"page","link":"https:\/\/www.accessibleskies.ca\/fr\/ourproject\/","title":{"rendered":"Notre projet"},"content":{"rendered":"<div data-elementor-type=\"wp-page\" data-elementor-id=\"25\" class=\"elementor elementor-25\">\n\t\t\t\t<div class=\"elementor-element elementor-element-f9b406c e-flex e-con-boxed e-con e-parent\" data-id=\"f9b406c\" data-element_type=\"container\" data-settings=\"{&quot;background_background&quot;:&quot;classic&quot;}\">\n\t\t\t\t\t<div class=\"e-con-inner\">\n\t\t\t\t<div class=\"elementor-element elementor-element-b9b35c5 elementor-widget elementor-widget-menu-anchor\" data-id=\"b9b35c5\" data-element_type=\"widget\" data-widget_type=\"menu-anchor.default\">\n\t\t\t\t<div class=\"elementor-widget-container\">\n\t\t\t\t\t\t\t<div class=\"elementor-menu-anchor\" id=\"our-project-top\"><\/div>\n\t\t\t\t\t\t<\/div>\n\t\t\t\t<\/div>\n\t\t\t\t\t<\/div>\n\t\t\t\t<\/div>\n\t\t<div class=\"elementor-element elementor-element-8982016 e-flex e-con-boxed e-con e-parent\" data-id=\"8982016\" data-element_type=\"container\" data-settings=\"{&quot;background_background&quot;:&quot;classic&quot;}\">\n\t\t\t\t\t<div class=\"e-con-inner\">\n\t\t\t\t<div class=\"elementor-element elementor-element-7ce3247 elementor-widget elementor-widget-image\" data-id=\"7ce3247\" data-element_type=\"widget\" data-widget_type=\"image.default\">\n\t\t\t\t<div class=\"elementor-widget-container\">\n\t\t\t\t\t\t\t\t\t\t\t\t\t\t\t<img fetchpriority=\"high\" decoding=\"async\" width=\"1176\" height=\"738\" src=\"https:\/\/www.accessibleskies.ca\/wp-content\/uploads\/2025\/09\/EDIT_Image-1-Revised.jpg\" class=\"attachment-2048x2048 size-2048x2048 wp-image-3112\" alt=\"A family of four stands in an airport near automatic doors, each with brightly coloured luggage. The parents and two children appear happy and ready for travel. The young girl holds a stuffed animal and is wearing a hidden disabilities sunflower lanyard. Une famille de quatre personnes se tient dans un a\u00e9roport pr\u00e8s de portes automatiques, chacune avec des bagages color\u00e9s. Les parents et leurs deux enfants ont l\u2019air heureux et pr\u00eats \u00e0 voyager. La jeune fille tient une peluche et porte un cordon tournesol pour les handicaps invisibles.\" srcset=\"https:\/\/www.accessibleskies.ca\/wp-content\/uploads\/2025\/09\/EDIT_Image-1-Revised.jpg 1176w, https:\/\/www.accessibleskies.ca\/wp-content\/uploads\/2025\/09\/EDIT_Image-1-Revised-300x188.jpg 300w, https:\/\/www.accessibleskies.ca\/wp-content\/uploads\/2025\/09\/EDIT_Image-1-Revised-1024x643.jpg 1024w, https:\/\/www.accessibleskies.ca\/wp-content\/uploads\/2025\/09\/EDIT_Image-1-Revised-768x482.jpg 768w\" sizes=\"(max-width: 1176px) 100vw, 1176px\" \/>\t\t\t\t\t\t\t\t\t\t\t\t\t\t\t<\/div>\n\t\t\t\t<\/div>\n\t\t\t\t\t<\/div>\n\t\t\t\t<\/div>\n\t\t<div class=\"elementor-element elementor-element-808c89a e-flex e-con-boxed e-con e-parent\" data-id=\"808c89a\" data-element_type=\"container\" data-settings=\"{&quot;background_background&quot;:&quot;gradient&quot;}\">\n\t\t\t\t\t<div class=\"e-con-inner\">\n\t\t\t\t<div class=\"elementor-element elementor-element-0007ca1 elementor-widget elementor-widget-heading\" data-id=\"0007ca1\" data-element_type=\"widget\" data-widget_type=\"heading.default\">\n\t\t\t\t<div class=\"elementor-widget-container\">\n\t\t\t\t\t<h2 class=\"elementor-heading-title elementor-size-default\">Notre projet<\/h2>\t\t\t\t<\/div>\n\t\t\t\t<\/div>\n\t\t\t\t<div class=\"elementor-element elementor-element-fc117d6 elementor-widget elementor-widget-text-editor\" data-id=\"fc117d6\" data-element_type=\"widget\" data-widget_type=\"text-editor.default\">\n\t\t\t\t<div class=\"elementor-widget-container\">\n\t\t\t\t\t\t\t\t\t<p><em>Ciels Accessibles<\/em> vise \u00e0 am\u00e9liorer l\u2019accessibilit\u00e9 et le soutien pour les personnes ayant une d\u00e9ficience cognitive, leurs accompagnateurs et leur famille dans l\u2019exp\u00e9rience a\u00e9roportuaire.<\/p>\t\t\t\t\t\t\t\t<\/div>\n\t\t\t\t<\/div>\n\t\t\t\t\t<\/div>\n\t\t\t\t<\/div>\n\t\t<div class=\"elementor-element elementor-element-4602706 e-flex e-con-boxed e-con e-parent\" data-id=\"4602706\" data-element_type=\"container\" data-settings=\"{&quot;background_background&quot;:&quot;classic&quot;}\">\n\t\t\t\t\t<div class=\"e-con-inner\">\n\t\t<div class=\"elementor-element elementor-element-3e3e242 e-flex e-con-boxed e-con e-child\" data-id=\"3e3e242\" data-element_type=\"container\">\n\t\t\t\t\t<div class=\"e-con-inner\">\n\t\t\t\t<div class=\"elementor-element elementor-element-522c760 elementor-widget elementor-widget-image\" data-id=\"522c760\" data-element_type=\"widget\" data-widget_type=\"image.default\">\n\t\t\t\t<div class=\"elementor-widget-container\">\n\t\t\t\t\t\t\t\t\t\t\t\t\t\t\t<img decoding=\"async\" width=\"1751\" height=\"1080\" src=\"https:\/\/www.accessibleskies.ca\/wp-content\/uploads\/2025\/08\/Image-2-1.png\" class=\"attachment-full size-full wp-image-2797\" alt=\"Multiple people raise their hands in a circle, each holding a large wooden puzzle piece. The group appears diverse, symbolizing teamwork, unity, and collaboration. Plusieurs personnes l\u00e8vent les mains en cercle, chacune tenant une grande pi\u00e8ce de casse-t\u00eate en bois. Le groupe est diversifi\u00e9, symbolisant le travail d\u2019\u00e9quipe, l\u2019unit\u00e9 et la collaboration.\" srcset=\"https:\/\/www.accessibleskies.ca\/wp-content\/uploads\/2025\/08\/Image-2-1.png 1751w, https:\/\/www.accessibleskies.ca\/wp-content\/uploads\/2025\/08\/Image-2-1-300x185.png 300w, https:\/\/www.accessibleskies.ca\/wp-content\/uploads\/2025\/08\/Image-2-1-1024x632.png 1024w, https:\/\/www.accessibleskies.ca\/wp-content\/uploads\/2025\/08\/Image-2-1-768x474.png 768w, https:\/\/www.accessibleskies.ca\/wp-content\/uploads\/2025\/08\/Image-2-1-1536x947.png 1536w\" sizes=\"(max-width: 1751px) 100vw, 1751px\" \/>\t\t\t\t\t\t\t\t\t\t\t\t\t\t\t<\/div>\n\t\t\t\t<\/div>\n\t\t\t\t\t<\/div>\n\t\t\t\t<\/div>\n\t\t<div class=\"elementor-element elementor-element-cbf17be e-con-full e-flex e-con e-child\" data-id=\"cbf17be\" data-element_type=\"container\">\n\t\t\t\t<div class=\"elementor-element elementor-element-40faf11 elementor-widget elementor-widget-heading\" data-id=\"40faf11\" data-element_type=\"widget\" data-widget_type=\"heading.default\">\n\t\t\t\t<div class=\"elementor-widget-container\">\n\t\t\t\t\t<h6 class=\"elementor-heading-title elementor-size-default\">Comment nous y arrivons:<\/h6>\t\t\t\t<\/div>\n\t\t\t\t<\/div>\n\t\t\t\t<div class=\"elementor-element elementor-element-d696e4b elementor-widget elementor-widget-text-editor\" data-id=\"d696e4b\" data-element_type=\"widget\" data-widget_type=\"text-editor.default\">\n\t\t\t\t<div class=\"elementor-widget-container\">\n\t\t\t\t\t\t\t\t\t<p>En identifiant les obstacles auxquels sont confront\u00e9s les passagers ayant une d\u00e9ficience cognitive et leurs r\u00e9seaux de soutien, afin d\u2019am\u00e9liorer leur exp\u00e9rience a\u00e9roportuaire<\/p><p>En influen\u00e7ant les normes d\u2019accessibilit\u00e9 dans les a\u00e9roports canadiens pour r\u00e9duire les barri\u00e8res et promouvoir les meilleures pratiques<\/p><p>En outillant mieux les a\u00e9roports canadiens pour soutenir les voyageurs gr\u00e2ce \u00e0 la formation et \u00e0 l\u2019am\u00e9lioration du service \u00e0 la client\u00e8le<\/p>\t\t\t\t\t\t\t\t<\/div>\n\t\t\t\t<\/div>\n\t\t\t\t<\/div>\n\t\t\t\t\t<\/div>\n\t\t\t\t<\/div>\n\t\t<div class=\"elementor-element elementor-element-ec678f2 e-flex e-con-boxed e-con e-parent\" data-id=\"ec678f2\" data-element_type=\"container\" data-settings=\"{&quot;background_background&quot;:&quot;gradient&quot;}\">\n\t\t\t\t\t<div class=\"e-con-inner\">\n\t\t<div class=\"elementor-element elementor-element-d354f62 e-con-full e-flex e-con e-child\" data-id=\"d354f62\" data-element_type=\"container\">\n\t\t\t\t<div class=\"elementor-element elementor-element-a013033 elementor-widget elementor-widget-image\" data-id=\"a013033\" data-element_type=\"widget\" data-widget_type=\"image.default\">\n\t\t\t\t<div class=\"elementor-widget-container\">\n\t\t\t\t\t\t\t\t\t\t\t\t\t\t\t<img decoding=\"async\" width=\"976\" height=\"1004\" src=\"https:\/\/www.accessibleskies.ca\/wp-content\/uploads\/2025\/08\/stock-photo-woman-traveler-senior-lady-standing-inside-airport-terminal-looking-at-timetable-schedule-travel-2452213529-1.jpg\" class=\"attachment-full size-full wp-image-2719\" alt=\"An older woman with gray hair and glasses smiles and waves while standing in front of airport flight information screens. She wears a backpack and holds a jacket, looking cheerful and ready to travel. Une femme \u00e2g\u00e9e aux cheveux gris et portant des lunettes sourit et fait un signe de la main devant des \u00e9crans d\u2019information sur les vols dans un a\u00e9roport. Elle porte un sac \u00e0 dos et tient un manteau, ayant l\u2019air joyeuse et pr\u00eate \u00e0 voyager.\" srcset=\"https:\/\/www.accessibleskies.ca\/wp-content\/uploads\/2025\/08\/stock-photo-woman-traveler-senior-lady-standing-inside-airport-terminal-looking-at-timetable-schedule-travel-2452213529-1.jpg 976w, https:\/\/www.accessibleskies.ca\/wp-content\/uploads\/2025\/08\/stock-photo-woman-traveler-senior-lady-standing-inside-airport-terminal-looking-at-timetable-schedule-travel-2452213529-1-292x300.jpg 292w, https:\/\/www.accessibleskies.ca\/wp-content\/uploads\/2025\/08\/stock-photo-woman-traveler-senior-lady-standing-inside-airport-terminal-looking-at-timetable-schedule-travel-2452213529-1-768x790.jpg 768w\" sizes=\"(max-width: 976px) 100vw, 976px\" \/>\t\t\t\t\t\t\t\t\t\t\t\t\t\t\t<\/div>\n\t\t\t\t<\/div>\n\t\t\t\t<\/div>\n\t\t<div class=\"elementor-element elementor-element-92a929c e-con-full e-flex e-con e-child\" data-id=\"92a929c\" data-element_type=\"container\">\n\t\t\t\t<div class=\"elementor-element elementor-element-8a7ff77 elementor-widget elementor-widget-heading\" data-id=\"8a7ff77\" data-element_type=\"widget\" data-widget_type=\"heading.default\">\n\t\t\t\t<div class=\"elementor-widget-container\">\n\t\t\t\t\t<h2 class=\"elementor-heading-title elementor-size-default\">Cr\u00e9er des parcours inclusifs pour tous<\/h2>\t\t\t\t<\/div>\n\t\t\t\t<\/div>\n\t\t\t\t<div class=\"elementor-element elementor-element-b139f35 elementor-widget elementor-widget-text-editor\" data-id=\"b139f35\" data-element_type=\"widget\" data-widget_type=\"text-editor.default\">\n\t\t\t\t<div class=\"elementor-widget-container\">\n\t\t\t\t\t\t\t\t\t<p>Selon les donn\u00e9es les plus r\u00e9centes de l\u2019Enqu\u00eate canadienne sur l\u2019incapacit\u00e9 (Statistique Canada, 2022), environ 8 millions de Canadiens ont d\u00e9clar\u00e9 vivre avec au moins une incapacit\u00e9, dont environ 1,5 million avec une d\u00e9ficience cognitive.\nCes chiffres mettent en \u00e9vidence l\u2019importance d\u2019un design inclusif, d\u2019une communication claire et de la formation du personnel de soutien, en particulier dans les lieux publics comme les a\u00e9roports.<\/p>\t\t\t\t\t\t\t\t<\/div>\n\t\t\t\t<\/div>\n\t\t\t\t<\/div>\n\t\t\t\t\t<\/div>\n\t\t\t\t<\/div>\n\t\t<div class=\"elementor-element elementor-element-e9bc1f1 e-flex e-con-boxed e-con e-parent\" data-id=\"e9bc1f1\" data-element_type=\"container\" data-settings=\"{&quot;background_background&quot;:&quot;gradient&quot;}\">\n\t\t\t\t\t<div class=\"e-con-inner\">\n\t\t\t\t<div class=\"elementor-element elementor-element-d085aa1 elementor-align-center elementor-widget elementor-widget-button\" data-id=\"d085aa1\" data-element_type=\"widget\" data-widget_type=\"button.default\">\n\t\t\t\t<div class=\"elementor-widget-container\">\n\t\t\t\t\t\t\t\t\t<div class=\"elementor-button-wrapper\">\n\t\t\t\t\t<a class=\"elementor-button elementor-button-link elementor-size-sm\" href=\"#our-project-top\">\n\t\t\t\t\t\t<span class=\"elementor-button-content-wrapper\">\n\t\t\t\t\t\t\t\t\t<span class=\"elementor-button-text\">RETOUR EN HAUT<\/span>\n\t\t\t\t\t<\/span>\n\t\t\t\t\t<\/a>\n\t\t\t\t<\/div>\n\t\t\t\t\t\t\t\t<\/div>\n\t\t\t\t<\/div>\n\t\t\t\t\t<\/div>\n\t\t\t\t<\/div>\n\t\t\t\t<\/div>","protected":false},"excerpt":{"rendered":"<p>Our Project Accessible Skies is focused on enhancing accessibility and support for people with cognitive disabilities, their care partners, and [&hellip;]<\/p>","protected":false},"author":1,"featured_media":0,"parent":0,"menu_order":0,"comment_status":"closed","ping_status":"closed","template":"","meta":{"site-sidebar-layout":"no-sidebar","site-content-layout":"","ast-site-content-layout":"full-width-container","site-content-style":"default","site-sidebar-style":"default","ast-global-header-display":"","ast-banner-title-visibility":"","ast-main-header-display":"","ast-hfb-above-header-display":"","ast-hfb-below-header-display":"","ast-hfb-mobile-header-display":"","site-post-title":"disabled","ast-breadcrumbs-content":"","ast-featured-img":"disabled","footer-sml-layout":"","theme-transparent-header-meta":"","adv-header-id-meta":"","stick-header-meta":"","header-above-stick-meta":"","header-main-stick-meta":"","header-below-stick-meta":"","astra-migrate-meta-layouts":"default","ast-page-background-enabled":"default","ast-page-background-meta":{"desktop":{"background-color":"var(--ast-global-color-4)","background-image":"","background-repeat":"repeat","background-position":"center center","background-size":"auto","background-attachment":"scroll","background-type":"","background-media":"","overlay-type":"","overlay-color":"","overlay-opacity":"","overlay-gradient":""},"tablet":{"background-color":"","background-image":"","background-repeat":"repeat","background-position":"center center","background-size":"auto","background-attachment":"scroll","background-type":"","background-media":"","overlay-type":"","overlay-color":"","overlay-opacity":"","overlay-gradient":""},"mobile":{"background-color":"","background-image":"","background-repeat":"repeat","background-position":"center center","background-size":"auto","background-attachment":"scroll","background-type":"","background-media":"","overlay-type":"","overlay-color":"","overlay-opacity":"","overlay-gradient":""}},"ast-content-background-meta":{"desktop":{"background-color":"var(--ast-global-color-5)","background-image":"","background-repeat":"repeat","background-position":"center center","background-size":"auto","background-attachment":"scroll","background-type":"","background-media":"","overlay-type":"","overlay-color":"","overlay-opacity":"","overlay-gradient":""},"tablet":{"background-color":"var(--ast-global-color-5)","background-image":"","background-repeat":"repeat","background-position":"center center","background-size":"auto","background-attachment":"scroll","background-type":"","background-media":"","overlay-type":"","overlay-color":"","overlay-opacity":"","overlay-gradient":""},"mobile":{"background-color":"var(--ast-global-color-5)","background-image":"","background-repeat":"repeat","background-position":"center center","background-size":"auto","background-attachment":"scroll","background-type":"","background-media":"","overlay-type":"","overlay-color":"","overlay-opacity":"","overlay-gradient":""}},"footnotes":""},"class_list":["post-25","page","type-page","status-publish","hentry"],"jetpack_sharing_enabled":true,"_links":{"self":[{"href":"https:\/\/www.accessibleskies.ca\/fr\/wp-json\/wp\/v2\/pages\/25","targetHints":{"allow":["GET"]}}],"collection":[{"href":"https:\/\/www.accessibleskies.ca\/fr\/wp-json\/wp\/v2\/pages"}],"about":[{"href":"https:\/\/www.accessibleskies.ca\/fr\/wp-json\/wp\/v2\/types\/page"}],"author":[{"embeddable":true,"href":"https:\/\/www.accessibleskies.ca\/fr\/wp-json\/wp\/v2\/users\/1"}],"replies":[{"embeddable":true,"href":"https:\/\/www.accessibleskies.ca\/fr\/wp-json\/wp\/v2\/comments?post=25"}],"version-history":[{"count":163,"href":"https:\/\/www.accessibleskies.ca\/fr\/wp-json\/wp\/v2\/pages\/25\/revisions"}],"predecessor-version":[{"id":3192,"href":"https:\/\/www.accessibleskies.ca\/fr\/wp-json\/wp\/v2\/pages\/25\/revisions\/3192"}],"wp:attachment":[{"href":"https:\/\/www.accessibleskies.ca\/fr\/wp-json\/wp\/v2\/media?parent=25"}],"curies":[{"name":"wp","href":"https:\/\/api.w.org\/{rel}","templated":true}]}}